{"id":32,"date":"2023-06-15T11:51:24","date_gmt":"2023-06-15T11:51:24","guid":{"rendered":"https:\/\/pautafrenetica.rabiscos.online\/?page_id=32"},"modified":"2026-04-14T00:05:51","modified_gmt":"2026-04-14T00:05:51","slug":"oferta-educativa","status":"publish","type":"page","link":"https:\/\/pautafrenetica.pt\/index.php\/oferta-educativa\/","title":{"rendered":"Oferta Educativa"},"content":{"rendered":"\t\t<div data-elementor-type=\"wp-page\" data-elementor-id=\"32\" class=\"elementor elementor-32\">\n\t\t\t\t\t\t<section class=\"elementor-section elementor-top-section elementor-element elementor-element-619f6fdd elementor-section-boxed elementor-section-height-default elementor-section-height-default\" data-id=\"619f6fdd\" data-element_type=\"section\">\n\t\t\t\t\t\t<div class=\"elementor-container elementor-column-gap-default\">\n\t\t\t\t\t<div class=\"elementor-column elementor-col-100 elementor-top-column elementor-element elementor-element-7c9c857e\" data-id=\"7c9c857e\" data-element_type=\"column\">\n\t\t\t<div class=\"elementor-widget-wrap elementor-element-populated\">\n\t\t\t\t\t\t<div class=\"elementor-element elementor-element-782d384b elementor-widget elementor-widget-text-editor\" data-id=\"782d384b\" data-element_type=\"widget\" data-widget_type=\"text-editor.default\">\n\t\t\t\t<div class=\"elementor-widget-container\">\n\t\t\t<style>\/*! elementor - v3.21.0 - 30-04-2024 *\/\n.elementor-widget-text-editor.elementor-drop-cap-view-stacked .elementor-drop-cap{background-color:#69727d;color:#fff}.elementor-widget-text-editor.elementor-drop-cap-view-framed .elementor-drop-cap{color:#69727d;border:3px solid;background-color:transparent}.elementor-widget-text-editor:not(.elementor-drop-cap-view-default) .elementor-drop-cap{margin-top:8px}.elementor-widget-text-editor:not(.elementor-drop-cap-view-default) .elementor-drop-cap-letter{width:1em;height:1em}.elementor-widget-text-editor .elementor-drop-cap{float:left;text-align:center;line-height:1;font-size:50px}.elementor-widget-text-editor .elementor-drop-cap-letter{display:inline-block}<\/style>\t\t\t\t<p><!-- wp:heading {\"textAlign\":\"center\",\"level\":1} --><\/p>\n<h1 class=\"wp-block-heading has-text-align-center\">Oferta Educativa<\/h1>\n<p><!-- \/wp:heading --><!-- wp:paragraph --><\/p>\n<p>A Pauta Fren\u00e9tica tem \u00e0 disposi\u00e7\u00e3o programas com metodologias adequadas ao n\u00edvel de cada aluno, desenvolvendo assim ofertas concretas para o mesmo obter conhecimentos vers\u00e1teis e com criatividade no \u00e2mbito de realiza\u00e7\u00e3o pessoal ou para performance ao vivo e\/ou grava\u00e7\u00f5es em est\u00fadio. Oferece uma combina\u00e7\u00e3o desafiante de harmonia, leitura, ritmo, improvisa\u00e7\u00e3o, acompanhamento, juntamente com o acesso a uma vasta gama de vocabul\u00e1rio em diversos estilos, indo sempre de encontro aos objetivos de cada aluno.<\/p>\n<p><!-- \/wp:paragraph --><!-- wp:paragraph --><\/p>\n<p>Dispomos de v\u00e1rias disciplinas onde desenvolvemos conte\u00fados \u00e0 medida com os objetivos do aluno e para al\u00e9m da aula de instrumento poder\u00e1 acrescentar mais disciplinas.<\/p>\n<p><!-- \/wp:paragraph --><!-- wp:heading --><\/p>\n<h2 class=\"wp-block-heading\">Disciplinas<\/h2>\n<p><!-- \/wp:heading --><!-- wp:list --><\/p>\n<ul class=\"wp-block-list\"><!-- wp:list-item --><p><\/p>\n<li>Teclados<\/li>\n<p><!-- \/wp:list-item --><!-- wp:list-item --><\/p>\n<li>Guitarra El\u00e9trica e Ac\u00fastica<\/li>\n<p><!-- \/wp:list-item --><!-- wp:list-item --><\/p>\n<li>Baixo<\/li>\n<p><!-- \/wp:list-item --><!-- wp:list-item --><\/p>\n<li>Bateria<\/li>\n<p><!-- \/wp:list-item --><!-- wp:list-item --><\/p>\n<li>Combo<\/li>\n<p><!-- \/wp:list-item --><\/p><\/ul>\n<p><!-- \/wp:list --><!-- wp:paragraph --><\/p>\n<p><!-- \/wp:paragraph --><\/p>\t\t\t\t\t\t<\/div>\n\t\t\t\t<\/div>\n\t\t\t\t\t<\/div>\n\t\t<\/div>\n\t\t\t\t\t<\/div>\n\t\t<\/section>\n\t\t\t\t<\/div>\n\t\t","protected":false},"excerpt":{"rendered":"<p>Oferta Educativa A Pauta Fren\u00e9tica tem \u00e0 disposi\u00e7\u00e3o programas com metodologias adequadas ao n\u00edvel de cada aluno, desenvolvendo assim ofertas concretas para o mesmo obter conhecimentos vers\u00e1teis e com criatividade no \u00e2mbito de realiza\u00e7\u00e3o pessoal ou para performance ao vivo e\/ou grava\u00e7\u00f5es em est\u00fadio. Oferece uma combina\u00e7\u00e3o desafiante de harmonia, leitura, ritmo, improvisa\u00e7\u00e3o, acompanhamento, juntamente [&hellip;]<\/p>\n","protected":false},"author":1,"featured_media":124,"parent":0,"menu_order":0,"comment_status":"closed","ping_status":"closed","template":"","meta":{"ngg_post_thumbnail":0,"footnotes":""},"class_list":["post-32","page","type-page","status-publish","has-post-thumbnail","hentry"],"blocksy_meta":[],"_links":{"self":[{"href":"https:\/\/pautafrenetica.pt\/index.php\/wp-json\/wp\/v2\/pages\/32","targetHints":{"allow":["GET"]}}],"collection":[{"href":"https:\/\/pautafrenetica.pt\/index.php\/wp-json\/wp\/v2\/pages"}],"about":[{"href":"https:\/\/pautafrenetica.pt\/index.php\/wp-json\/wp\/v2\/types\/page"}],"author":[{"embeddable":true,"href":"https:\/\/pautafrenetica.pt\/index.php\/wp-json\/wp\/v2\/users\/1"}],"replies":[{"embeddable":true,"href":"https:\/\/pautafrenetica.pt\/index.php\/wp-json\/wp\/v2\/comments?post=32"}],"version-history":[{"count":6,"href":"https:\/\/pautafrenetica.pt\/index.php\/wp-json\/wp\/v2\/pages\/32\/revisions"}],"predecessor-version":[{"id":419,"href":"https:\/\/pautafrenetica.pt\/index.php\/wp-json\/wp\/v2\/pages\/32\/revisions\/419"}],"wp:featuredmedia":[{"embeddable":true,"href":"https:\/\/pautafrenetica.pt\/index.php\/wp-json\/wp\/v2\/media\/124"}],"wp:attachment":[{"href":"https:\/\/pautafrenetica.pt\/index.php\/wp-json\/wp\/v2\/media?parent=32"}],"curies":[{"name":"wp","href":"https:\/\/api.w.org\/{rel}","templated":true}]}}